{"id":529,"date":"2024-07-04T10:38:45","date_gmt":"2024-07-04T10:38:45","guid":{"rendered":"https:\/\/kiski.eus\/?page_id=529"},"modified":"2024-07-04T11:46:32","modified_gmt":"2024-07-04T11:46:32","slug":"elaboracion-de-materiales","status":"publish","type":"page","link":"https:\/\/kiski.eus\/?page_id=529&lang=es","title":{"rendered":"Elaboraci\u00f3n de materiales"},"content":{"rendered":"\t\t<div data-elementor-type=\"wp-page\" data-elementor-id=\"529\" class=\"elementor elementor-529\">\n\t\t\t\t\t\t\t<div class=\"elementor-element elementor-element-17f7a76 e-flex e-con-boxed e-con e-parent\" data-id=\"17f7a76\" data-element_type=\"container\" data-settings=\"{&quot;content_width&quot;:&quot;boxed&quot;}\" data-core-v316-plus=\"true\">\n\t\t\t\t\t<div class=\"e-con-inner\">\n\t\t\t\t<div class=\"elementor-element elementor-element-9aa1199 elementor-widget elementor-widget-heading\" data-id=\"9aa1199\" data-element_type=\"widget\" data-widget_type=\"heading.default\">\n\t\t\t\t<div class=\"elementor-widget-container\">\n\t\t\t<style>\/*! elementor - v3.16.0 - 20-09-2023 *\/\n.elementor-heading-title{padding:0;margin:0;line-height:1}.elementor-widget-heading .elementor-heading-title[class*=elementor-size-]>a{color:inherit;font-size:inherit;line-height:inherit}.elementor-widget-heading .elementor-heading-title.elementor-size-small{font-size:15px}.elementor-widget-heading .elementor-heading-title.elementor-size-medium{font-size:19px}.elementor-widget-heading .elementor-heading-title.elementor-size-large{font-size:29px}.elementor-widget-heading .elementor-heading-title.elementor-size-xl{font-size:39px}.elementor-widget-heading .elementor-heading-title.elementor-size-xxl{font-size:59px}<\/style><h1 class=\"elementor-heading-title elementor-size-xxl\">Elaboraci\u00f3n de materiales <\/h1>\t\t<\/div>\n\t\t\t\t<\/div>\n\t\t\t\t\t<\/div>\n\t\t\t\t<\/div>\n\t\t<div class=\"elementor-element elementor-element-f392a5f e-flex e-con-boxed e-con e-parent\" data-id=\"f392a5f\" data-element_type=\"container\" data-settings=\"{&quot;content_width&quot;:&quot;boxed&quot;}\" data-core-v316-plus=\"true\">\n\t\t\t\t\t<div class=\"e-con-inner\">\n\t\t<div class=\"elementor-element elementor-element-dc76c38 e-con-full e-flex e-con e-child\" data-id=\"dc76c38\" data-element_type=\"container\" data-settings=\"{&quot;content_width&quot;:&quot;full&quot;}\">\n\t\t\t\t<\/div>\n\t\t<div class=\"elementor-element elementor-element-26d3f21 e-con-full e-flex e-con e-child\" data-id=\"26d3f21\" data-element_type=\"container\" data-settings=\"{&quot;content_width&quot;:&quot;full&quot;}\">\n\t\t\t\t<div class=\"elementor-element elementor-element-821675d elementor-widget elementor-widget-text-editor\" data-id=\"821675d\" data-element_type=\"widget\" data-widget_type=\"text-editor.default\">\n\t\t\t\t<div class=\"elementor-widget-container\">\n\t\t\t<style>\/*! elementor - v3.16.0 - 20-09-2023 *\/\n.elementor-widget-text-editor.elementor-drop-cap-view-stacked .elementor-drop-cap{background-color:#69727d;color:#fff}.elementor-widget-text-editor.elementor-drop-cap-view-framed .elementor-drop-cap{color:#69727d;border:3px solid;background-color:transparent}.elementor-widget-text-editor:not(.elementor-drop-cap-view-default) .elementor-drop-cap{margin-top:8px}.elementor-widget-text-editor:not(.elementor-drop-cap-view-default) .elementor-drop-cap-letter{width:1em;height:1em}.elementor-widget-text-editor .elementor-drop-cap{float:left;text-align:center;line-height:1;font-size:50px}.elementor-widget-text-editor .elementor-drop-cap-letter{display:inline-block}<\/style>\t\t\t\t<p style=\"text-align: center;\">Muchas de las modalidades de la pelota vasca son anteriores y los materiales para su juego se han elaborado con trabajos manuales durante siglos. En la actualidad, sin embargo, tambi\u00e9n se utilizan materiales y t\u00e9cnicas m\u00e1s innovadoras. \u00bfQuieres conocer a los que se dedican a ello?<\/p><p style=\"text-align: center;\">\u00bfConoces m\u00e1s empresas o artesanos? &gt;&gt; <a href=\"https:\/\/docs.google.com\/forms\/d\/e\/1FAIpQLSfI2hN53dL49_Gsrozx5fKQxumR8wja--aPewCmGzRafv5d3A\/viewform\">Rellena el formulario.<\/a><\/p>\t\t\t\t\t\t<\/div>\n\t\t\t\t<\/div>\n\t\t\t\t<\/div>\n\t\t<div class=\"elementor-element elementor-element-4d6c896 e-con-full e-flex e-con e-child\" data-id=\"4d6c896\" data-element_type=\"container\" data-settings=\"{&quot;content_width&quot;:&quot;full&quot;}\">\n\t\t\t\t<\/div>\n\t\t\t\t\t<\/div>\n\t\t\t\t<\/div>\n\t\t<div class=\"elementor-element elementor-element-0d9cbe4 e-flex e-con-boxed e-con e-parent\" data-id=\"0d9cbe4\" data-element_type=\"container\" data-settings=\"{&quot;content_width&quot;:&quot;boxed&quot;}\" data-core-v316-plus=\"true\">\n\t\t\t\t\t<div class=\"e-con-inner\">\n\t\t<div class=\"elementor-element elementor-element-d139d62 e-flex e-con-boxed e-con e-child\" data-id=\"d139d62\" data-element_type=\"container\" data-settings=\"{&quot;content_width&quot;:&quot;boxed&quot;}\">\n\t\t\t\t\t<div class=\"e-con-inner\">\n\t\t\t\t<div class=\"elementor-element elementor-element-433e49e elementor-widget elementor-widget-html\" data-id=\"433e49e\" data-element_type=\"widget\" data-widget_type=\"html.default\">\n\t\t\t\t<div class=\"elementor-widget-container\">\n\t\t\t<iframe src=https:\/\/www.google.com\/maps\/d\/embed?mid=1gbbqVq2JtAZFmBh7Kn8mMcxbMartHQY&ehbc=2E312F width=\"640\" height=\"480\"><\/iframe>\t\t<\/div>\n\t\t\t\t<\/div>\n\t\t\t\t\t<\/div>\n\t\t\t\t<\/div>\n\t\t\t\t\t<\/div>\n\t\t\t\t<\/div>\n\t\t\t\t\t\t\t<\/div>\n\t\t","protected":false},"excerpt":{"rendered":"<p>Elaboraci\u00f3n de materiales Muchas de las modalidades de la pelota vasca son anteriores y los materiales para su juego se han elaborado con trabajos manuales durante siglos. En la actualidad, sin embargo, tambi\u00e9n se utilizan materiales y t\u00e9cnicas m\u00e1s innovadoras. \u00bfQuieres conocer a los que se dedican a ello? \u00bfConoces m\u00e1s empresas o artesanos? &gt;&gt; [&hellip;]<\/p>\n","protected":false},"author":1,"featured_media":0,"parent":0,"menu_order":0,"comment_status":"closed","ping_status":"closed","template":"","meta":{"footnotes":""},"class_list":["post-529","page","type-page","status-publish","hentry"],"_links":{"self":[{"href":"https:\/\/kiski.eus\/index.php?rest_route=\/wp\/v2\/pages\/529","targetHints":{"allow":["GET"]}}],"collection":[{"href":"https:\/\/kiski.eus\/index.php?rest_route=\/wp\/v2\/pages"}],"about":[{"href":"https:\/\/kiski.eus\/index.php?rest_route=\/wp\/v2\/types\/page"}],"author":[{"embeddable":true,"href":"https:\/\/kiski.eus\/index.php?rest_route=\/wp\/v2\/users\/1"}],"replies":[{"embeddable":true,"href":"https:\/\/kiski.eus\/index.php?rest_route=%2Fwp%2Fv2%2Fcomments&post=529"}],"version-history":[{"count":10,"href":"https:\/\/kiski.eus\/index.php?rest_route=\/wp\/v2\/pages\/529\/revisions"}],"predecessor-version":[{"id":648,"href":"https:\/\/kiski.eus\/index.php?rest_route=\/wp\/v2\/pages\/529\/revisions\/648"}],"wp:attachment":[{"href":"https:\/\/kiski.eus\/index.php?rest_route=%2Fwp%2Fv2%2Fmedia&parent=529"}],"curies":[{"name":"wp","href":"https:\/\/api.w.org\/{rel}","templated":true}]}}