{"id":512,"date":"2024-07-04T10:31:36","date_gmt":"2024-07-04T10:31:36","guid":{"rendered":"https:\/\/kiski.eus\/?page_id=512"},"modified":"2024-07-04T11:43:00","modified_gmt":"2024-07-04T11:43:00","slug":"campeonatos","status":"publish","type":"page","link":"https:\/\/kiski.eus\/?page_id=512&lang=es","title":{"rendered":"Campeonatos"},"content":{"rendered":"\t\t<div data-elementor-type=\"wp-page\" data-elementor-id=\"512\" class=\"elementor elementor-512\">\n\t\t\t\t\t\t\t<div class=\"elementor-element elementor-element-9599064 e-flex e-con-boxed e-con e-parent\" data-id=\"9599064\" data-element_type=\"container\" data-settings=\"{&quot;content_width&quot;:&quot;boxed&quot;}\" data-core-v316-plus=\"true\">\n\t\t\t\t\t<div class=\"e-con-inner\">\n\t\t\t\t<div class=\"elementor-element elementor-element-85d0e64 elementor-widget elementor-widget-heading\" data-id=\"85d0e64\" data-element_type=\"widget\" data-widget_type=\"heading.default\">\n\t\t\t\t<div class=\"elementor-widget-container\">\n\t\t\t<style>\/*! elementor - v3.16.0 - 20-09-2023 *\/\n.elementor-heading-title{padding:0;margin:0;line-height:1}.elementor-widget-heading .elementor-heading-title[class*=elementor-size-]>a{color:inherit;font-size:inherit;line-height:inherit}.elementor-widget-heading .elementor-heading-title.elementor-size-small{font-size:15px}.elementor-widget-heading .elementor-heading-title.elementor-size-medium{font-size:19px}.elementor-widget-heading .elementor-heading-title.elementor-size-large{font-size:29px}.elementor-widget-heading .elementor-heading-title.elementor-size-xl{font-size:39px}.elementor-widget-heading .elementor-heading-title.elementor-size-xxl{font-size:59px}<\/style><h1 class=\"elementor-heading-title elementor-size-xxl\">Campeonatos<\/h1>\t\t<\/div>\n\t\t\t\t<\/div>\n\t\t\t\t\t<\/div>\n\t\t\t\t<\/div>\n\t\t<div class=\"elementor-element elementor-element-1fc44e1 e-flex e-con-boxed e-con e-parent\" data-id=\"1fc44e1\" data-element_type=\"container\" data-settings=\"{&quot;content_width&quot;:&quot;boxed&quot;}\" data-core-v316-plus=\"true\">\n\t\t\t\t\t<div class=\"e-con-inner\">\n\t\t<div class=\"elementor-element elementor-element-4b4b709 e-con-full e-flex e-con e-child\" data-id=\"4b4b709\" data-element_type=\"container\" data-settings=\"{&quot;content_width&quot;:&quot;full&quot;}\">\n\t\t\t\t<\/div>\n\t\t<div class=\"elementor-element elementor-element-908a058 e-con-full e-flex e-con e-child\" data-id=\"908a058\" data-element_type=\"container\" data-settings=\"{&quot;content_width&quot;:&quot;full&quot;}\">\n\t\t\t\t<div class=\"elementor-element elementor-element-eed70cb elementor-widget elementor-widget-text-editor\" data-id=\"eed70cb\" data-element_type=\"widget\" data-widget_type=\"text-editor.default\">\n\t\t\t\t<div class=\"elementor-widget-container\">\n\t\t\t<style>\/*! elementor - v3.16.0 - 20-09-2023 *\/\n.elementor-widget-text-editor.elementor-drop-cap-view-stacked .elementor-drop-cap{background-color:#69727d;color:#fff}.elementor-widget-text-editor.elementor-drop-cap-view-framed .elementor-drop-cap{color:#69727d;border:3px solid;background-color:transparent}.elementor-widget-text-editor:not(.elementor-drop-cap-view-default) .elementor-drop-cap{margin-top:8px}.elementor-widget-text-editor:not(.elementor-drop-cap-view-default) .elementor-drop-cap-letter{width:1em;height:1em}.elementor-widget-text-editor .elementor-drop-cap{float:left;text-align:center;line-height:1;font-size:50px}.elementor-widget-text-editor .elementor-drop-cap-letter{display:inline-block}<\/style>\t\t\t\t<p style=\"text-align: center;\">Son decenas los campeonatos que se organizan en nuestra amplia geograf\u00eda, adem\u00e1s en todas las categor\u00edas. Hemos recopilado 200 de ellos, puedes verlos en el mapa de abajo.<\/p><p style=\"text-align: center;\">\u00bfQuieres enviarnos informaci\u00f3n de otros campeonatos? &gt;&gt; <a href=\"https:\/\/docs.google.com\/forms\/d\/e\/1FAIpQLScg4dJF4FW1mkDZfjDTEcGXYZLon6oaSkPRaFaAZDeDhseang\/viewform\">Rellena el formulario.<\/a><\/p>\t\t\t\t\t\t<\/div>\n\t\t\t\t<\/div>\n\t\t\t\t<\/div>\n\t\t<div class=\"elementor-element elementor-element-002297b e-con-full e-flex e-con e-child\" data-id=\"002297b\" data-element_type=\"container\" data-settings=\"{&quot;content_width&quot;:&quot;full&quot;}\">\n\t\t\t\t<\/div>\n\t\t\t\t\t<\/div>\n\t\t\t\t<\/div>\n\t\t<div class=\"elementor-element elementor-element-0f0e223 e-flex e-con-boxed e-con e-parent\" data-id=\"0f0e223\" data-element_type=\"container\" data-settings=\"{&quot;content_width&quot;:&quot;boxed&quot;}\" data-core-v316-plus=\"true\">\n\t\t\t\t\t<div class=\"e-con-inner\">\n\t\t<div class=\"elementor-element elementor-element-b2e3fa7 e-flex e-con-boxed e-con e-child\" data-id=\"b2e3fa7\" data-element_type=\"container\" data-settings=\"{&quot;content_width&quot;:&quot;boxed&quot;}\">\n\t\t\t\t\t<div class=\"e-con-inner\">\n\t\t\t\t<div class=\"elementor-element elementor-element-6de0ada elementor-widget elementor-widget-html\" data-id=\"6de0ada\" data-element_type=\"widget\" data-widget_type=\"html.default\">\n\t\t\t\t<div class=\"elementor-widget-container\">\n\t\t\t<iframe src=https:\/\/www.google.com\/maps\/d\/embed?mid=1gIaq9E9CrLaCjL69M08XJ7l2NFcB8LM&ehbc=2E312F width=\"640\" height=\"480\"><\/iframe>\t\t<\/div>\n\t\t\t\t<\/div>\n\t\t\t\t\t<\/div>\n\t\t\t\t<\/div>\n\t\t\t\t\t<\/div>\n\t\t\t\t<\/div>\n\t\t\t\t\t\t\t<\/div>\n\t\t","protected":false},"excerpt":{"rendered":"<p>Campeonatos Son decenas los campeonatos que se organizan en nuestra amplia geograf\u00eda, adem\u00e1s en todas las categor\u00edas. Hemos recopilado 200 de ellos, puedes verlos en el mapa de abajo. \u00bfQuieres enviarnos informaci\u00f3n de otros campeonatos? &gt;&gt; Rellena el formulario.<\/p>\n","protected":false},"author":1,"featured_media":0,"parent":0,"menu_order":0,"comment_status":"closed","ping_status":"closed","template":"","meta":{"footnotes":""},"class_list":["post-512","page","type-page","status-publish","hentry"],"_links":{"self":[{"href":"https:\/\/kiski.eus\/index.php?rest_route=\/wp\/v2\/pages\/512","targetHints":{"allow":["GET"]}}],"collection":[{"href":"https:\/\/kiski.eus\/index.php?rest_route=\/wp\/v2\/pages"}],"about":[{"href":"https:\/\/kiski.eus\/index.php?rest_route=\/wp\/v2\/types\/page"}],"author":[{"embeddable":true,"href":"https:\/\/kiski.eus\/index.php?rest_route=\/wp\/v2\/users\/1"}],"replies":[{"embeddable":true,"href":"https:\/\/kiski.eus\/index.php?rest_route=%2Fwp%2Fv2%2Fcomments&post=512"}],"version-history":[{"count":10,"href":"https:\/\/kiski.eus\/index.php?rest_route=\/wp\/v2\/pages\/512\/revisions"}],"predecessor-version":[{"id":635,"href":"https:\/\/kiski.eus\/index.php?rest_route=\/wp\/v2\/pages\/512\/revisions\/635"}],"wp:attachment":[{"href":"https:\/\/kiski.eus\/index.php?rest_route=%2Fwp%2Fv2%2Fmedia&parent=512"}],"curies":[{"name":"wp","href":"https:\/\/api.w.org\/{rel}","templated":true}]}}