{"id":450,"date":"2024-06-13T07:23:30","date_gmt":"2024-06-13T07:23:30","guid":{"rendered":"https:\/\/kiski.eus\/?page_id=450"},"modified":"2024-06-13T07:27:31","modified_gmt":"2024-06-13T07:27:31","slug":"proyecto","status":"publish","type":"page","link":"https:\/\/kiski.eus\/?page_id=450&lang=es","title":{"rendered":"Proyecto"},"content":{"rendered":"\t\t<div data-elementor-type=\"wp-page\" data-elementor-id=\"450\" class=\"elementor elementor-450\">\n\t\t\t\t\t\t\t<div class=\"elementor-element elementor-element-64e1f4b e-flex e-con-boxed e-con e-parent\" data-id=\"64e1f4b\" data-element_type=\"container\" data-settings=\"{&quot;content_width&quot;:&quot;boxed&quot;}\" data-core-v316-plus=\"true\">\n\t\t\t\t\t<div class=\"e-con-inner\">\n\t\t\t\t<div class=\"elementor-element elementor-element-d00596f elementor-widget elementor-widget-heading\" data-id=\"d00596f\" data-element_type=\"widget\" data-widget_type=\"heading.default\">\n\t\t\t\t<div class=\"elementor-widget-container\">\n\t\t\t<style>\/*! elementor - v3.16.0 - 20-09-2023 *\/\n.elementor-heading-title{padding:0;margin:0;line-height:1}.elementor-widget-heading .elementor-heading-title[class*=elementor-size-]>a{color:inherit;font-size:inherit;line-height:inherit}.elementor-widget-heading .elementor-heading-title.elementor-size-small{font-size:15px}.elementor-widget-heading .elementor-heading-title.elementor-size-medium{font-size:19px}.elementor-widget-heading .elementor-heading-title.elementor-size-large{font-size:29px}.elementor-widget-heading .elementor-heading-title.elementor-size-xl{font-size:39px}.elementor-widget-heading .elementor-heading-title.elementor-size-xxl{font-size:59px}<\/style><h1 class=\"elementor-heading-title elementor-size-default\">CONOCE EL PROYECTO<\/h1>\t\t<\/div>\n\t\t\t\t<\/div>\n\t\t\t\t\t<\/div>\n\t\t\t\t<\/div>\n\t\t<div class=\"elementor-element elementor-element-28dff53 e-flex e-con-boxed e-con e-parent\" data-id=\"28dff53\" data-element_type=\"container\" data-settings=\"{&quot;content_width&quot;:&quot;boxed&quot;}\" data-core-v316-plus=\"true\">\n\t\t\t\t\t<div class=\"e-con-inner\">\n\t\t\t\t<div class=\"elementor-element elementor-element-044e729 elementor-widget elementor-widget-video\" data-id=\"044e729\" data-element_type=\"widget\" data-settings=\"{&quot;video_type&quot;:&quot;vimeo&quot;}\" data-widget_type=\"video.default\">\n\t\t\t\t<div class=\"elementor-widget-container\">\n\t\t\t<style>\/*! elementor - v3.16.0 - 20-09-2023 *\/\n.elementor-widget-video .elementor-widget-container{overflow:hidden;transform:translateZ(0)}.elementor-widget-video .elementor-wrapper{aspect-ratio:var(--video-aspect-ratio)}.elementor-widget-video .elementor-wrapper iframe,.elementor-widget-video .elementor-wrapper video{height:100%;width:100%;display:flex;border:none;background-color:#000}@supports not (aspect-ratio:1\/1){.elementor-widget-video .elementor-wrapper{position:relative;overflow:hidden;height:0;padding-bottom:calc(100% \/ var(--video-aspect-ratio))}.elementor-widget-video .elementor-wrapper iframe,.elementor-widget-video .elementor-wrapper video{position:absolute;top:0;right:0;bottom:0;left:0}}.elementor-widget-video .elementor-open-inline .elementor-custom-embed-image-overlay{position:absolute;top:0;right:0;bottom:0;left:0;background-size:cover;background-position:50%}.elementor-widget-video .elementor-custom-embed-image-overlay{cursor:pointer;text-align:center}.elementor-widget-video .elementor-custom-embed-image-overlay:hover .elementor-custom-embed-play i{opacity:1}.elementor-widget-video .elementor-custom-embed-image-overlay img{display:block;width:100%;aspect-ratio:var(--video-aspect-ratio);-o-object-fit:cover;object-fit:cover;-o-object-position:center center;object-position:center center}@supports not (aspect-ratio:1\/1){.elementor-widget-video .elementor-custom-embed-image-overlay{position:relative;overflow:hidden;height:0;padding-bottom:calc(100% \/ var(--video-aspect-ratio))}.elementor-widget-video .elementor-custom-embed-image-overlay img{position:absolute;top:0;right:0;bottom:0;left:0}}.elementor-widget-video .e-hosted-video .elementor-video{-o-object-fit:cover;object-fit:cover}.e-con-inner>.elementor-widget-video,.e-con>.elementor-widget-video{width:var(--container-widget-width);--flex-grow:var(--container-widget-flex-grow)}<\/style>\t\t<div class=\"elementor-wrapper elementor-open-inline\">\n\t\t\t<iframe class=\"elementor-video-iframe\" allowfullscreen title=\"Reproductor de v\u00eddeo vimeo\" src=\"https:\/\/player.vimeo.com\/video\/920054242?color&amp;autopause=0&amp;loop=0&amp;muted=0&amp;title=1&amp;portrait=1&amp;byline=1&amp;h=9a7c5871e3#t=\"><\/iframe>\t\t<\/div>\n\t\t\t\t<\/div>\n\t\t\t\t<\/div>\n\t\t\t\t\t<\/div>\n\t\t\t\t<\/div>\n\t\t<div class=\"elementor-element elementor-element-ca57a4b e-flex e-con-boxed e-con e-parent\" data-id=\"ca57a4b\" data-element_type=\"container\" data-settings=\"{&quot;content_width&quot;:&quot;boxed&quot;}\" data-core-v316-plus=\"true\">\n\t\t\t\t\t<div class=\"e-con-inner\">\n\t\t<div class=\"elementor-element elementor-element-c10fa9b e-con-full e-flex e-con e-child\" data-id=\"c10fa9b\" data-element_type=\"container\" data-settings=\"{&quot;content_width&quot;:&quot;full&quot;}\">\n\t\t\t\t<div class=\"elementor-element elementor-element-ae15ee1 elementor-widget elementor-widget-text-editor\" data-id=\"ae15ee1\" data-element_type=\"widget\" data-widget_type=\"text-editor.default\">\n\t\t\t\t<div class=\"elementor-widget-container\">\n\t\t\t<style>\/*! elementor - v3.16.0 - 20-09-2023 *\/\n.elementor-widget-text-editor.elementor-drop-cap-view-stacked .elementor-drop-cap{background-color:#69727d;color:#fff}.elementor-widget-text-editor.elementor-drop-cap-view-framed .elementor-drop-cap{color:#69727d;border:3px solid;background-color:transparent}.elementor-widget-text-editor:not(.elementor-drop-cap-view-default) .elementor-drop-cap{margin-top:8px}.elementor-widget-text-editor:not(.elementor-drop-cap-view-default) .elementor-drop-cap-letter{width:1em;height:1em}.elementor-widget-text-editor .elementor-drop-cap{float:left;text-align:center;line-height:1;font-size:50px}.elementor-widget-text-editor .elementor-drop-cap-letter{display:inline-block}<\/style>\t\t\t\t<div id=\"translation_text\"><div class=\"jumbotron-text\"><div class=\"row\"><div class=\"col-md-12 col-xs-12\">Un proyecto financiado por la Eurorregi\u00f3n y seleccionado en la convocatoria de los proyectos \u00abCiudadan\u00eda Eurorregional\u00bb. La Confederaci\u00f3n de Pelota del Pa\u00eds Vasco, como socio mayoritario, son los principales art\u00edfices del proyecto Ikas Pilota y Labrit Multimedia.<\/div><\/div><div class=\"row\"><div class=\"col-md-12 col-xs-12\"><br \/>El proyecto tiene como objetivo principal completar el ARCHIVO DIGITAL GENERAL DE DOCUMENTOS Y MATERIALES DE LA PELOTA VASCA, con los siguientes objetivos parciales:<br \/><br \/>&#8211; Crear y gestionar el archivo documental anual de los campeonatos organizados por las federaciones, asociaciones institucionales y deportivas.<br \/>&#8211; Crear y gestionar el archivo general y el mapa interactivo de los frontones.<br \/>&#8211; Crear y gestionar un mapa interactivo de materiales autores.<br \/>&#8211; Creaci\u00f3n y gesti\u00f3n del archivo digital de pelotaris destacados. Reflejar el rol de la mujer en la historia de la Pelota Vasca.<br \/>&#8211; Socializar el proceso de difusi\u00f3n de los resultados del archivo digital de la Pelota Vasca.<br \/>&#8211; Implantaci\u00f3n del sistema de organizaci\u00f3n y gesti\u00f3n del archivo digital de la Pelota Vasca.<\/div><\/div><\/div><\/div>\t\t\t\t\t\t<\/div>\n\t\t\t\t<\/div>\n\t\t\t\t<\/div>\n\t\t<div class=\"elementor-element elementor-element-19436bc e-con-full e-flex e-con e-child\" data-id=\"19436bc\" data-element_type=\"container\" data-settings=\"{&quot;content_width&quot;:&quot;full&quot;}\">\n\t\t\t\t<div class=\"elementor-element elementor-element-91cd6d1 elementor-widget elementor-widget-text-editor\" data-id=\"91cd6d1\" data-element_type=\"widget\" data-widget_type=\"text-editor.default\">\n\t\t\t\t<div class=\"elementor-widget-container\">\n\t\t\t\t\t\t\t<div id=\"translation_text\"><div class=\"jumbotron-text\"><div class=\"row\"><div class=\"col-md-12 col-xs-12\">Estamos ante un reto de gran envergadura que tardar\u00e1 varios a\u00f1os en actualizarse y as\u00ed poder recibir toda la informaci\u00f3n posible correspondiente a los \u00e1mbitos de recogida.<\/div><\/div><div class=\"row\"><div class=\"col-md-12 col-xs-12\">Si analizamos las fases o acciones a realizar, 200 de los principales campeonatos de pelota vasca, 100 de frontones, 20 de elaboradores de material y 100 fichas de pelotaris se reunir\u00e1n hasta marzo de 2024. En esta primera fase la zona de recogida geogr\u00e1fica se limitar\u00e1 a la Eurorregi\u00f3n. Todo este material se ubicar\u00e1 en esta p\u00e1gina web y junto a los actos y coloquios de presentaci\u00f3n que se celebrar\u00e1n hasta julio de 2024, pondr\u00e1 fin a esta fase seleccionada en la convocatoria de proyectos \u00abCiudadan\u00eda Eurorregional\u00bb.<\/div><\/div><\/div><\/div>\t\t\t\t\t\t<\/div>\n\t\t\t\t<\/div>\n\t\t\t\t<\/div>\n\t\t\t\t\t<\/div>\n\t\t\t\t<\/div>\n\t\t\t\t\t\t\t<\/div>\n\t\t","protected":false},"excerpt":{"rendered":"<p>CONOCE EL PROYECTO https:\/\/vimeo.com\/920054242\/9a7c5871e3?share=copyUn proyecto financiado por la Eurorregi\u00f3n y seleccionado en la convocatoria de los proyectos \u00abCiudadan\u00eda Eurorregional\u00bb. La Confederaci\u00f3n de Pelota del Pa\u00eds Vasco, como socio mayoritario, son los principales art\u00edfices del proyecto Ikas Pilota y Labrit Multimedia.El proyecto tiene como objetivo principal completar el ARCHIVO DIGITAL GENERAL DE DOCUMENTOS Y MATERIALES DE [&hellip;]<\/p>\n","protected":false},"author":1,"featured_media":0,"parent":0,"menu_order":0,"comment_status":"closed","ping_status":"closed","template":"","meta":{"footnotes":""},"class_list":["post-450","page","type-page","status-publish","hentry"],"_links":{"self":[{"href":"https:\/\/kiski.eus\/index.php?rest_route=\/wp\/v2\/pages\/450","targetHints":{"allow":["GET"]}}],"collection":[{"href":"https:\/\/kiski.eus\/index.php?rest_route=\/wp\/v2\/pages"}],"about":[{"href":"https:\/\/kiski.eus\/index.php?rest_route=\/wp\/v2\/types\/page"}],"author":[{"embeddable":true,"href":"https:\/\/kiski.eus\/index.php?rest_route=\/wp\/v2\/users\/1"}],"replies":[{"embeddable":true,"href":"https:\/\/kiski.eus\/index.php?rest_route=%2Fwp%2Fv2%2Fcomments&post=450"}],"version-history":[{"count":7,"href":"https:\/\/kiski.eus\/index.php?rest_route=\/wp\/v2\/pages\/450\/revisions"}],"predecessor-version":[{"id":463,"href":"https:\/\/kiski.eus\/index.php?rest_route=\/wp\/v2\/pages\/450\/revisions\/463"}],"wp:attachment":[{"href":"https:\/\/kiski.eus\/index.php?rest_route=%2Fwp%2Fv2%2Fmedia&parent=450"}],"curies":[{"name":"wp","href":"https:\/\/api.w.org\/{rel}","templated":true}]}}